{"id":181,"date":"2017-02-21T14:13:44","date_gmt":"2017-02-21T14:13:44","guid":{"rendered":"http:\/\/koolituskeskusabc.eu\/?page_id=181"},"modified":"2017-02-21T14:13:44","modified_gmt":"2017-02-21T14:13:44","slug":"tulekahjuoppuse-teoreetilise-osa-koolitus","status":"publish","type":"page","link":"http:\/\/koolituskeskusabc.eu\/index.php\/tuleohutuskoolitused\/tulekahjuoppuse-teoreetilise-osa-koolitus\/","title":{"rendered":"Tulekahju\u00f5ppuse teoreetilise osa koolitus"},"content":{"rendered":"<p>Tulekahju\u00f5ppuse teoreetilise osa koolituse kohustus tuleneb Siseministri m\u00e4\u00e4rusest nr.43 \u201eTulekahju korral tegutsemise plaanile ning evakuatsiooni ja tulekahju korral tegutsemise \u00f5ppuse korraldamisele esitatavad n\u00f5uded\u201c Lisa 2 j\u00e4rgi.<\/p>\n<p><strong><em>Tulekahju\u00f5ppuse teoreetilise osa koolituse teemad<\/em><\/strong><\/p>\n<p>Teema 1. Tuleohutusalane teadlikkus<\/p>\n<p>Tulekahju olemus ja selle areng;<\/p>\n<ul>\n<li>tulekahjuga kaasnevad ohud ning v\u00f5imalikud tagaj\u00e4rjed inimesele, varale ja keskkonnale;<\/li>\n<li>tulekahju tekkimise v\u00f5imalikud p\u00f5hjused;<\/li>\n<li>tulekahju kustutamise p\u00f5hi- ja ohutusreeglid.<\/li>\n<\/ul>\n<p>Teema 2. Evakuatsioon<\/p>\n<ul>\n<li>ohutu evakuatsiooni p\u00f5him\u00f5tted;<\/li>\n<li>evakuatsioonitee l\u00e4bimine ja selle m\u00e4rgistuse j\u00e4lgimine;<\/li>\n<li>inimeste evakueerimine.<\/li>\n<\/ul>\n<p>Teema 3. Tulekahju korral k\u00e4itumine ja tegutsemine<\/p>\n<ul>\n<li>1.inimeste p\u00e4\u00e4stmine ohustatud alast;<\/li>\n<li>inimeste teavitamine tulekahjust;<\/li>\n<li>tulekahjusignalisatsiooni kasutamise p\u00f5him\u00f5tted;<\/li>\n<li>tulekahju teate edastamine H\u00e4irekeskusesse ja selle sisu;<\/li>\n<li>esmaste tulekustutusvahendite ja tuleohutuspaigaldiste kasutamise p\u00f5him\u00f5tted.<\/li>\n<\/ul>\n<p>Tulekahju\u00f5ppuse teoreetilise osa koolitus kestab \u00fcldjuhul 3 x 45 minutit.<\/p>\n<p>Infoks:<\/p>\n<p>Tulekahju\u00f5ppuse teoreetilise osa koolituse k\u00e4igus ei ole seadusandja eraldi ette n\u00e4inud kohustusena l\u00e4bi viia praktilist tulekustutiharjutust. Samas soovitame kustutiharjutuse praktilist l\u00e4biviimist, kuna Tuleohutuse seaduse \u00a7 3 lg.2 p.3 kohustab ettev\u00f5tte v\u00f5i asutuse juhti tagama t\u00f6\u00f6tajatele tuleohutuspaigaldiste ja p\u00e4\u00e4stevahendite k\u00e4ttesaadavuse ja kasutamisoskuse.<\/p>\n<p>Tulekahju\u00f5ppuse teoreetilise osa koolitus viiakse l\u00e4bi dokumendi \u201eTulekahju korral tegutsemise plaan\u201c alusel.<\/p>\n<p>Tulekahju\u00f5ppuse teoreetilise osa koolituse l\u00e4binutele v\u00e4ljastatakse registreeritud koondt\u00f5end.<\/p>\n","protected":false},"excerpt":{"rendered":"<p>Tulekahju\u00f5ppuse teoreetilise osa koolituse kohustus tuleneb Siseministri m\u00e4\u00e4rusest nr.43 \u201eTulekahju korral tegutsemise plaanile ning evakuatsiooni ja tulekahju korral tegutsemise \u00f5ppuse korraldamisele esitatavad n\u00f5uded\u201c Lisa 2 j\u00e4rgi. Tulekahju\u00f5ppuse teoreetilise osa koolituse teemad Teema 1. Tuleohutusalane teadlikkus Tulekahju olemus ja selle areng; tulekahjuga kaasnevad ohud ning v\u00f5imalikud tagaj\u00e4rjed inimesele, varale ja keskkonnale; tulekahju tekkimise v\u00f5imalikud p\u00f5hjused; tulekahju &hellip; <\/p>\n<p class=\"link-more\"><a href=\"http:\/\/koolituskeskusabc.eu\/index.php\/tuleohutuskoolitused\/tulekahjuoppuse-teoreetilise-osa-koolitus\/\" class=\"more-link\">Loe edasi<span class=\"screen-reader-text\"> &#8220;Tulekahju\u00f5ppuse teoreetilise osa koolitus&#8221;<\/span><\/a><\/p>\n","protected":false},"author":1,"featured_media":0,"parent":89,"menu_order":0,"comment_status":"closed","ping_status":"closed","template":"","meta":[],"_links":{"self":[{"href":"http:\/\/koolituskeskusabc.eu\/index.php\/wp-json\/wp\/v2\/pages\/181"}],"collection":[{"href":"http:\/\/koolituskeskusabc.eu\/index.php\/wp-json\/wp\/v2\/pages"}],"about":[{"href":"http:\/\/koolituskeskusabc.eu\/index.php\/wp-json\/wp\/v2\/types\/page"}],"author":[{"embeddable":true,"href":"http:\/\/koolituskeskusabc.eu\/index.php\/wp-json\/wp\/v2\/users\/1"}],"replies":[{"embeddable":true,"href":"http:\/\/koolituskeskusabc.eu\/index.php\/wp-json\/wp\/v2\/comments?post=181"}],"version-history":[{"count":1,"href":"http:\/\/koolituskeskusabc.eu\/index.php\/wp-json\/wp\/v2\/pages\/181\/revisions"}],"predecessor-version":[{"id":182,"href":"http:\/\/koolituskeskusabc.eu\/index.php\/wp-json\/wp\/v2\/pages\/181\/revisions\/182"}],"up":[{"embeddable":true,"href":"http:\/\/koolituskeskusabc.eu\/index.php\/wp-json\/wp\/v2\/pages\/89"}],"wp:attachment":[{"href":"http:\/\/koolituskeskusabc.eu\/index.php\/wp-json\/wp\/v2\/media?parent=181"}],"curies":[{"name":"wp","href":"https:\/\/api.w.org\/{rel}","templated":true}]}}