{"id":185,"date":"2017-02-21T14:12:46","date_gmt":"2017-02-21T14:12:46","guid":{"rendered":"http:\/\/koolituskeskusabc.eu\/?page_id=185"},"modified":"2017-02-21T14:12:46","modified_gmt":"2017-02-21T14:12:46","slug":"evakuatsiooni-eest-vastutava-isiku-koolitus","status":"publish","type":"page","link":"http:\/\/koolituskeskusabc.eu\/index.php\/tuleohutuskoolitused\/evakuatsiooni-eest-vastutava-isiku-koolitus\/","title":{"rendered":"Evakuatsiooni eest vastutava isiku koolitus"},"content":{"rendered":"<p>Evakuatsiooni eest vastutava isiku koolituse l\u00e4biviimist Tuleohutuse seadus otseselt ei reglementeeri. Tuleohutusspetsialistid soovitavad eelnimetatud koolituse l\u00e4bida enesekontrolli tuleohutusaruande kohustusega ettev\u00f5tete v\u00f5i asutuste evakuatsiooni eest vastutavatel isikutel (nt. turvat\u00f6\u00f6tajad, korrusetasapinna\/tootmistasapinna all\u00fcksuse juhid, \u00f5petajad jms.)<\/p>\n<p><em>Evakuatsiooni eest vastutava isiku koolituse eesm\u00e4rgid<\/em><\/p>\n<ul>\n<li>Koolitatav teab ettev\u00f5tte\/asutuse all\u00fcksuse evakuatsiooni eest vastutava isiku kohustusi ja \u00f5igusi.<\/li>\n<li>Koolitatav saab \u00fclevaate peamisest evakuatsiooni puudutavast tuleohutusalasest dokumentatsioonist objektil (tulekahju korral tegutsemise plaan).<\/li>\n<li>Koolitatav saab \u00fclevaate objektil asuvatest peamistest tuleohutuspaigaldistest ning nende kasutamisv\u00f5tetest.<\/li>\n<li>Koolitatav saab \u00fclevaate ohutu evakuatsiooni \u00fcldp\u00f5him\u00f5tetest objektil ja all\u00fcksuses, oskab evakuatsiooni olukorras juhtida all\u00fcksuse t\u00f6\u00f6tajaid<\/li>\n<li>Koolitatav saab \u00fclevaate riikliku tuleohutusj\u00e4relevalve meetmetest.<\/li>\n<\/ul>\n<p>Evakuatsiooni eest vastutava isiku koolituse teemad<\/p>\n<p>Teema 1. Tuleohutust reguleerivad \u00f5igusaktid Eesti Vabariigis<\/p>\n<ul>\n<li>1.P\u00e4\u00e4steseadus.<\/li>\n<li>Tuleohutuse seadus.<\/li>\n<li>Tulekahju korral tegutsemise plaan.<\/li>\n<\/ul>\n<p>Teema 2. Tuleohutusalane dokumentatsioon ettev\u00f5ttes\/asutuses<\/p>\n<ul>\n<li>Tuleohutuspaigaldiste korrashoiu n\u00f5uded.<\/li>\n<\/ul>\n<p>Teema 3. Tuleohutusalane teadlikkus<\/p>\n<ul>\n<li>Tulekahju olemus ja selle areng.<\/li>\n<li>Ohutu evakuatsiooni p\u00f5him\u00f5tted (inimeste evakueerimine).<\/li>\n<li>Tulekahju korral k\u00e4itumine ja tegutsemine.<\/li>\n<\/ul>\n<p>Teema 4. Riiklik tuleohutusj\u00e4relevalve<\/p>\n<ul>\n<li>Menetluskord.<\/li>\n<li>Meetmed.<\/li>\n<\/ul>\n<p>Evakuatsiooni eest vastutava isiku koolitus kestab 5 \u00f5ppetundi.<\/p>\n<p>Evakuatsiooni eest vastutava isiku koolituse l\u00e4binutele v\u00e4ljastatakse registreeritud personaalne t\u00f5end.<\/p>\n","protected":false},"excerpt":{"rendered":"<p>Evakuatsiooni eest vastutava isiku koolituse l\u00e4biviimist Tuleohutuse seadus otseselt ei reglementeeri. Tuleohutusspetsialistid soovitavad eelnimetatud koolituse l\u00e4bida enesekontrolli tuleohutusaruande kohustusega ettev\u00f5tete v\u00f5i asutuste evakuatsiooni eest vastutavatel isikutel (nt. turvat\u00f6\u00f6tajad, korrusetasapinna\/tootmistasapinna all\u00fcksuse juhid, \u00f5petajad jms.) Evakuatsiooni eest vastutava isiku koolituse eesm\u00e4rgid Koolitatav teab ettev\u00f5tte\/asutuse all\u00fcksuse evakuatsiooni eest vastutava isiku kohustusi ja \u00f5igusi. Koolitatav saab \u00fclevaate peamisest evakuatsiooni &hellip; <\/p>\n<p class=\"link-more\"><a href=\"http:\/\/koolituskeskusabc.eu\/index.php\/tuleohutuskoolitused\/evakuatsiooni-eest-vastutava-isiku-koolitus\/\" class=\"more-link\">Loe edasi<span class=\"screen-reader-text\"> &#8220;Evakuatsiooni eest vastutava isiku koolitus&#8221;<\/span><\/a><\/p>\n","protected":false},"author":1,"featured_media":0,"parent":89,"menu_order":0,"comment_status":"closed","ping_status":"closed","template":"","meta":[],"_links":{"self":[{"href":"http:\/\/koolituskeskusabc.eu\/index.php\/wp-json\/wp\/v2\/pages\/185"}],"collection":[{"href":"http:\/\/koolituskeskusabc.eu\/index.php\/wp-json\/wp\/v2\/pages"}],"about":[{"href":"http:\/\/koolituskeskusabc.eu\/index.php\/wp-json\/wp\/v2\/types\/page"}],"author":[{"embeddable":true,"href":"http:\/\/koolituskeskusabc.eu\/index.php\/wp-json\/wp\/v2\/users\/1"}],"replies":[{"embeddable":true,"href":"http:\/\/koolituskeskusabc.eu\/index.php\/wp-json\/wp\/v2\/comments?post=185"}],"version-history":[{"count":1,"href":"http:\/\/koolituskeskusabc.eu\/index.php\/wp-json\/wp\/v2\/pages\/185\/revisions"}],"predecessor-version":[{"id":186,"href":"http:\/\/koolituskeskusabc.eu\/index.php\/wp-json\/wp\/v2\/pages\/185\/revisions\/186"}],"up":[{"embeddable":true,"href":"http:\/\/koolituskeskusabc.eu\/index.php\/wp-json\/wp\/v2\/pages\/89"}],"wp:attachment":[{"href":"http:\/\/koolituskeskusabc.eu\/index.php\/wp-json\/wp\/v2\/media?parent=185"}],"curies":[{"name":"wp","href":"https:\/\/api.w.org\/{rel}","templated":true}]}}