{"id":187,"date":"2017-02-21T14:13:25","date_gmt":"2017-02-21T14:13:25","guid":{"rendered":"http:\/\/koolituskeskusabc.eu\/?page_id=187"},"modified":"2017-02-21T14:13:25","modified_gmt":"2017-02-21T14:13:25","slug":"praktiline-tulekustutusharjutus","status":"publish","type":"page","link":"http:\/\/koolituskeskusabc.eu\/index.php\/tuleohutuskoolitused\/praktiline-tulekustutusharjutus\/","title":{"rendered":"Praktiline tulekustutusharjutus"},"content":{"rendered":"<p>Tulekahju\u00f5ppuse teoreetilise osa koolituse k\u00e4igus ei ole seadusandja eraldi ette n\u00e4inud kohustusena l\u00e4bi viia praktilist tulekustutiharjutust. Samas soovitame kustutiharjutuse praktilist l\u00e4biviimist, kuna Tuleohutuse seaduse \u00a7 3 lg.2 p.3 kohustab ettev\u00f5tte v\u00f5i asutuse juhti tagama t\u00f6\u00f6tajatele tuleohutuspaigaldiste ja p\u00e4\u00e4stevahendite k\u00e4ttesaadavuse ja kasutamisoskuse.<\/p>\n<p><em>Praktilise tulekustutiharjutuse l\u00e4biviimise kava<\/em><\/p>\n<p>Osa 1. Tulekustuti kasutamise teoreetiline osa (0,5 tundi)<\/p>\n<p>Osa 2. Praktiline tulekustutiharjutus (harjutuse l\u00e4biviimise aeg s\u00f5ltub grupi suurusest)<\/p>\n<p>Infoks:<\/p>\n<p>Praktilise tulekustutiharjutuse l\u00e4biviimiseks pakume kahte erinevat moodust:<\/p>\n<ul>\n<li>1.Keskkonnas\u00f5braliku gaasileegisimulaatoriga (kustutitena kasutatakse vesikustutit v\u00f5i s\u00fcsihappegaaskustutit).<\/li>\n<li>P\u00f5levvedeliku kustutamist spetsiaalses metallvannis (kustutitena kasutatakse pulberkustutit v\u00f5i s\u00fcsihappegaaskustutit).<\/li>\n<\/ul>\n","protected":false},"excerpt":{"rendered":"<p>Tulekahju\u00f5ppuse teoreetilise osa koolituse k\u00e4igus ei ole seadusandja eraldi ette n\u00e4inud kohustusena l\u00e4bi viia praktilist tulekustutiharjutust. Samas soovitame kustutiharjutuse praktilist l\u00e4biviimist, kuna Tuleohutuse seaduse \u00a7 3 lg.2 p.3 kohustab ettev\u00f5tte v\u00f5i asutuse juhti tagama t\u00f6\u00f6tajatele tuleohutuspaigaldiste ja p\u00e4\u00e4stevahendite k\u00e4ttesaadavuse ja kasutamisoskuse. Praktilise tulekustutiharjutuse l\u00e4biviimise kava Osa 1. Tulekustuti kasutamise teoreetiline osa (0,5 tundi) Osa 2. &hellip; <\/p>\n<p class=\"link-more\"><a href=\"http:\/\/koolituskeskusabc.eu\/index.php\/tuleohutuskoolitused\/praktiline-tulekustutusharjutus\/\" class=\"more-link\">Loe edasi<span class=\"screen-reader-text\"> &#8220;Praktiline tulekustutusharjutus&#8221;<\/span><\/a><\/p>\n","protected":false},"author":1,"featured_media":0,"parent":89,"menu_order":0,"comment_status":"closed","ping_status":"closed","template":"","meta":[],"_links":{"self":[{"href":"http:\/\/koolituskeskusabc.eu\/index.php\/wp-json\/wp\/v2\/pages\/187"}],"collection":[{"href":"http:\/\/koolituskeskusabc.eu\/index.php\/wp-json\/wp\/v2\/pages"}],"about":[{"href":"http:\/\/koolituskeskusabc.eu\/index.php\/wp-json\/wp\/v2\/types\/page"}],"author":[{"embeddable":true,"href":"http:\/\/koolituskeskusabc.eu\/index.php\/wp-json\/wp\/v2\/users\/1"}],"replies":[{"embeddable":true,"href":"http:\/\/koolituskeskusabc.eu\/index.php\/wp-json\/wp\/v2\/comments?post=187"}],"version-history":[{"count":1,"href":"http:\/\/koolituskeskusabc.eu\/index.php\/wp-json\/wp\/v2\/pages\/187\/revisions"}],"predecessor-version":[{"id":188,"href":"http:\/\/koolituskeskusabc.eu\/index.php\/wp-json\/wp\/v2\/pages\/187\/revisions\/188"}],"up":[{"embeddable":true,"href":"http:\/\/koolituskeskusabc.eu\/index.php\/wp-json\/wp\/v2\/pages\/89"}],"wp:attachment":[{"href":"http:\/\/koolituskeskusabc.eu\/index.php\/wp-json\/wp\/v2\/media?parent=187"}],"curies":[{"name":"wp","href":"https:\/\/api.w.org\/{rel}","templated":true}]}}