{"id":195,"date":"2017-03-13T12:56:25","date_gmt":"2017-03-13T12:56:25","guid":{"rendered":"http:\/\/koolituskeskusabc.eu\/?page_id=195"},"modified":"2017-03-13T12:56:25","modified_gmt":"2017-03-13T12:56:25","slug":"esmaabi-baaskursus","status":"publish","type":"page","link":"http:\/\/koolituskeskusabc.eu\/index.php\/esmaabi-baaskursus\/","title":{"rendered":"ESMAABI BAASKURSUS"},"content":{"rendered":"<p>Vastavalt EV Sotsiaalministri 14 detsembri 2000 a. m\u00e4\u00e4rusele nr 80 pakub Koolituskeskus ABCesmaabiandjate v\u00e4lja- ja t\u00e4iend\u00f5pet. Kursuse eesm\u00e4rk on anda inimestele p\u00f5hiteadmised ja oskused sellest,kuidas p\u00e4\u00e4sta lihtsate v\u00f5tetega kannatanu elu \u00f5nnetusjuhtumite ja eluohtlike haigusseisundite korral.<\/p>\n<p>KAHEP\u00c4EVASE 16 TUNNISE KOOLITUSE MAHT<\/p>\n<p>\u00d5ppet\u00f6\u00f6 meetod: loeng, arutelud, praktiline tegevus, grupit\u00f6\u00f6, situatsioon\u00fclesanded<\/p>\n<p>Kursuse kestus: 16 akadeemilist tundi, 2 p\u00e4eva.<\/p>\n<p>Sihtgrupp: Isikud, kes ei ole viimase kolme aasta jooksul l\u00e4binud esmaabi kursust.<\/p>\n<p>Koolitusel k\u00e4sitletavad teemad:<\/p>\n<p>1. Sissejuhatus<\/p>\n<p>Esmaabi olemus, abi kutsumine, kannatanu seisundi hindamine, esmaabi andmise taktika, esmased teadmised tiraa\u017eist.<\/p>\n<p>2. Elustamine ja eluohtlikud seisundid<\/p>\n<p>Elustamine t\u00e4iskasvanute ja laste juhtumite korral; AED ja abistavad vahendid elustamise korral, v\u00f5\u00f5rkeha\u00a0eemaldamine hingamisteedest, teadvusetus, selle olemus, p\u00f5hjused ning k\u00e4sitlemine, \u00e4kkhaigestumised.<\/p>\n<p>3. V\u00e4lised verejooksud ja \u0161okk<\/p>\n<p>Verejooksu peatamise v\u00f5tted; \u0161oki olemus ja selle tunnused.<\/p>\n<p>4. Haavad<\/p>\n<p>Haavade tekemehhanismid; verejooksude peatamine; praktiliste oskuste omandamine sidumisel.<\/p>\n<p>5. Traumad ja luumurrud<\/p>\n<p>Lahtiste ja kinniste luumurdude iseloomustus; luumurdudega kaasnevad ohud; liigesetraumad (nihestused, nikastused, p\u00f5rutused). Erinevate kehapiirkondade traumad ja nende ohtlikkus.<\/p>\n<p>6. V\u00e4lisfaktorid: m\u00fcrgistused, s\u00f6\u00f6vitused, p\u00f5letused, k\u00fclmakahjustused, uppumine, poomine.<\/p>\n<p>7. Kursuse omandamise kontroll<\/p>\n<p>Teoreetiliste teadmiste ja praktiliste oskuste kontrollimine testide abil.<\/p>\n<p>Kursus viiakse l\u00e4bi Teie poolt valitud asukohas kohapeal vastava ruumi olemasolul. \u00a0V\u00e4ljas\u00f5it grupisuurusel alates 10 kuni 16 inimest.<\/p>\n","protected":false},"excerpt":{"rendered":"<p>Vastavalt EV Sotsiaalministri 14 detsembri 2000 a. m\u00e4\u00e4rusele nr 80 pakub Koolituskeskus ABCesmaabiandjate v\u00e4lja- ja t\u00e4iend\u00f5pet. Kursuse eesm\u00e4rk on anda inimestele p\u00f5hiteadmised ja oskused sellest,kuidas p\u00e4\u00e4sta lihtsate v\u00f5tetega kannatanu elu \u00f5nnetusjuhtumite ja eluohtlike haigusseisundite korral. KAHEP\u00c4EVASE 16 TUNNISE KOOLITUSE MAHT \u00d5ppet\u00f6\u00f6 meetod: loeng, arutelud, praktiline tegevus, grupit\u00f6\u00f6, situatsioon\u00fclesanded Kursuse kestus: 16 akadeemilist tundi, 2 p\u00e4eva. &hellip; <\/p>\n<p class=\"link-more\"><a href=\"http:\/\/koolituskeskusabc.eu\/index.php\/esmaabi-baaskursus\/\" class=\"more-link\">Loe edasi<span class=\"screen-reader-text\"> &#8220;ESMAABI BAASKURSUS&#8221;<\/span><\/a><\/p>\n","protected":false},"author":1,"featured_media":0,"parent":0,"menu_order":0,"comment_status":"closed","ping_status":"closed","template":"","meta":[],"_links":{"self":[{"href":"http:\/\/koolituskeskusabc.eu\/index.php\/wp-json\/wp\/v2\/pages\/195"}],"collection":[{"href":"http:\/\/koolituskeskusabc.eu\/index.php\/wp-json\/wp\/v2\/pages"}],"about":[{"href":"http:\/\/koolituskeskusabc.eu\/index.php\/wp-json\/wp\/v2\/types\/page"}],"author":[{"embeddable":true,"href":"http:\/\/koolituskeskusabc.eu\/index.php\/wp-json\/wp\/v2\/users\/1"}],"replies":[{"embeddable":true,"href":"http:\/\/koolituskeskusabc.eu\/index.php\/wp-json\/wp\/v2\/comments?post=195"}],"version-history":[{"count":1,"href":"http:\/\/koolituskeskusabc.eu\/index.php\/wp-json\/wp\/v2\/pages\/195\/revisions"}],"predecessor-version":[{"id":196,"href":"http:\/\/koolituskeskusabc.eu\/index.php\/wp-json\/wp\/v2\/pages\/195\/revisions\/196"}],"wp:attachment":[{"href":"http:\/\/koolituskeskusabc.eu\/index.php\/wp-json\/wp\/v2\/media?parent=195"}],"curies":[{"name":"wp","href":"https:\/\/api.w.org\/{rel}","templated":true}]}}