{"id":197,"date":"2017-03-13T12:56:35","date_gmt":"2017-03-13T12:56:35","guid":{"rendered":"http:\/\/koolituskeskusabc.eu\/?page_id=197"},"modified":"2017-03-13T12:56:35","modified_gmt":"2017-03-13T12:56:35","slug":"esmaabi-taiendkursus","status":"publish","type":"page","link":"http:\/\/koolituskeskusabc.eu\/index.php\/esmaabi-taiendkursus\/","title":{"rendered":"ESMAABI T\u00c4IENDKURSUS"},"content":{"rendered":"<p>Vastavalt EV Sotsiaalministri 14 detsembri 2000 a. m\u00e4\u00e4rusele nr 80 pakub Koolituskeskus ABC esmaabiandjate v\u00e4lja- ja t\u00e4iend\u00f5pet. Kursuse eesm\u00e4rk on anda inimestele p\u00f5hiteadmised ja oskused sellest, kuidas p\u00e4\u00e4sta lihtsate v\u00f5tetega kannatanu elu \u00f5nnetusjuhtumite ja eluohtlike haigusseisundite korral<strong>.<\/strong><\/p>\n<p><strong>\u00dcHEP\u00c4EVASE 8 TUNNISE KOOLITUSE MAHT <\/strong><\/p>\n<p><strong>\u00d5ppet\u00f6\u00f6 meetod:<\/strong> loeng, arutelud, praktiline tegevus, grupit\u00f6\u00f6, situatsioon \u00fclesanded<\/p>\n<p><strong>Kursuse kestus<\/strong>: 8 akadeemilist tundi, 1 p\u00e4ev.<\/p>\n<p><strong>Sihtgrupp<\/strong>: Isikud,\u00a0 kellel on viimase kolme aasta jooksul l\u00e4bitud esmaabi baaskursus.<br \/>\n<strong>Koolitusel k\u00e4sitletavad teemad: <\/strong><u><br \/>\n<\/u>1. Sissejuhatus<br \/>\nEsmaabi olemus, abi kutsumine, kannatanu seisundi hindamine,<br \/>\n2. Elustamine ja eluohtlikud seisundid<br \/>\nElustamine t\u00e4iskasvanute ja laste juhtumite korral; AED defibrillaatori ja muude abivahendite kaasamine elustamistegevusse, v\u00f5\u00f5rkeha eemaldamine hingamisteedest, teadvusetus ja selle olemus.<br \/>\n3. V\u00e4lised verejooksud ja \u0161okk<br \/>\nVerejooksu peatamise v\u00f5tted; \u0161oki olemus ja selle tunnused.<\/p>\n<p>4. Olulisemate kehapiirkondade traumad<br \/>\n5. Kursuse omandamise kontroll<br \/>\nTeoreetiliste teadmiste ja praktiliste oskuste kontrollimine testide abil.<\/p>\n<p>&nbsp;<\/p>\n<p><strong>Kursus viiakse l\u00e4bi <\/strong><strong>Teie poolt valitud komandos\/asukohas kohapeal vastava ruumi olemasolul.<\/strong> <strong>V\u00e4ljas\u00f5it grupi suurusel alates\u00a0 10\u00a0 kuni 16 inimest. <\/strong><\/p>\n","protected":false},"excerpt":{"rendered":"<p>Vastavalt EV Sotsiaalministri 14 detsembri 2000 a. m\u00e4\u00e4rusele nr 80 pakub Koolituskeskus ABC esmaabiandjate v\u00e4lja- ja t\u00e4iend\u00f5pet. Kursuse eesm\u00e4rk on anda inimestele p\u00f5hiteadmised ja oskused sellest, kuidas p\u00e4\u00e4sta lihtsate v\u00f5tetega kannatanu elu \u00f5nnetusjuhtumite ja eluohtlike haigusseisundite korral. \u00dcHEP\u00c4EVASE 8 TUNNISE KOOLITUSE MAHT \u00d5ppet\u00f6\u00f6 meetod: loeng, arutelud, praktiline tegevus, grupit\u00f6\u00f6, situatsioon \u00fclesanded Kursuse kestus: 8 akadeemilist &hellip; <\/p>\n<p class=\"link-more\"><a href=\"http:\/\/koolituskeskusabc.eu\/index.php\/esmaabi-taiendkursus\/\" class=\"more-link\">Loe edasi<span class=\"screen-reader-text\"> &#8220;ESMAABI T\u00c4IENDKURSUS&#8221;<\/span><\/a><\/p>\n","protected":false},"author":1,"featured_media":0,"parent":0,"menu_order":0,"comment_status":"closed","ping_status":"closed","template":"","meta":[],"_links":{"self":[{"href":"http:\/\/koolituskeskusabc.eu\/index.php\/wp-json\/wp\/v2\/pages\/197"}],"collection":[{"href":"http:\/\/koolituskeskusabc.eu\/index.php\/wp-json\/wp\/v2\/pages"}],"about":[{"href":"http:\/\/koolituskeskusabc.eu\/index.php\/wp-json\/wp\/v2\/types\/page"}],"author":[{"embeddable":true,"href":"http:\/\/koolituskeskusabc.eu\/index.php\/wp-json\/wp\/v2\/users\/1"}],"replies":[{"embeddable":true,"href":"http:\/\/koolituskeskusabc.eu\/index.php\/wp-json\/wp\/v2\/comments?post=197"}],"version-history":[{"count":1,"href":"http:\/\/koolituskeskusabc.eu\/index.php\/wp-json\/wp\/v2\/pages\/197\/revisions"}],"predecessor-version":[{"id":198,"href":"http:\/\/koolituskeskusabc.eu\/index.php\/wp-json\/wp\/v2\/pages\/197\/revisions\/198"}],"wp:attachment":[{"href":"http:\/\/koolituskeskusabc.eu\/index.php\/wp-json\/wp\/v2\/media?parent=197"}],"curies":[{"name":"wp","href":"https:\/\/api.w.org\/{rel}","templated":true}]}}