{"id":212,"date":"2017-03-14T08:57:40","date_gmt":"2017-03-14T08:57:40","guid":{"rendered":"http:\/\/koolituskeskusabc.eu\/?page_id=212"},"modified":"2017-03-14T08:57:40","modified_gmt":"2017-03-14T08:57:40","slug":"vabatahtliku-paastja-ii-astme-koolitus-36h","status":"publish","type":"page","link":"http:\/\/koolituskeskusabc.eu\/index.php\/vabatahtliku-paastja-ii-astme-koolitus-36h\/","title":{"rendered":"Vabatahtliku p\u00e4\u00e4stja II astme koolitus (36h)"},"content":{"rendered":"<p>Koolitusel k\u00e4sitletavad teemad:<\/p>\n<ul>\n<li>Tulekustutust\u00f6\u00f6de teostamine lihtsama p\u00e4\u00e4stevarustusega;<\/li>\n<li>Raadioside pidamine \u00a0vastavalt kehtestatud korrale;<\/li>\n<li>P\u00e4\u00e4steala tegevust reguleerivad \u00f5igusaktid\u00a0sh p\u00e4\u00e4steseaduse ja haldusmenetluse p\u00f5him\u00f5tteid;<\/li>\n<li>Vabatahtliku p\u00e4\u00e4stja staatus ja \u00fclesanded;<\/li>\n<li>F\u00fc\u00fcsiliselt praktiliste harjutuste sooritamine;<\/li>\n<li>Valdusesse sisenemise meede ning vahetus sunni rakendamine.<\/li>\n<\/ul>\n","protected":false},"excerpt":{"rendered":"<p>Koolitusel k\u00e4sitletavad teemad: Tulekustutust\u00f6\u00f6de teostamine lihtsama p\u00e4\u00e4stevarustusega; Raadioside pidamine \u00a0vastavalt kehtestatud korrale; P\u00e4\u00e4steala tegevust reguleerivad \u00f5igusaktid\u00a0sh p\u00e4\u00e4steseaduse ja haldusmenetluse p\u00f5him\u00f5tteid; Vabatahtliku p\u00e4\u00e4stja staatus ja \u00fclesanded; F\u00fc\u00fcsiliselt praktiliste harjutuste sooritamine; Valdusesse sisenemise meede ning vahetus sunni rakendamine.<\/p>\n","protected":false},"author":1,"featured_media":0,"parent":0,"menu_order":0,"comment_status":"closed","ping_status":"closed","template":"","meta":[],"_links":{"self":[{"href":"http:\/\/koolituskeskusabc.eu\/index.php\/wp-json\/wp\/v2\/pages\/212"}],"collection":[{"href":"http:\/\/koolituskeskusabc.eu\/index.php\/wp-json\/wp\/v2\/pages"}],"about":[{"href":"http:\/\/koolituskeskusabc.eu\/index.php\/wp-json\/wp\/v2\/types\/page"}],"author":[{"embeddable":true,"href":"http:\/\/koolituskeskusabc.eu\/index.php\/wp-json\/wp\/v2\/users\/1"}],"replies":[{"embeddable":true,"href":"http:\/\/koolituskeskusabc.eu\/index.php\/wp-json\/wp\/v2\/comments?post=212"}],"version-history":[{"count":1,"href":"http:\/\/koolituskeskusabc.eu\/index.php\/wp-json\/wp\/v2\/pages\/212\/revisions"}],"predecessor-version":[{"id":213,"href":"http:\/\/koolituskeskusabc.eu\/index.php\/wp-json\/wp\/v2\/pages\/212\/revisions\/213"}],"wp:attachment":[{"href":"http:\/\/koolituskeskusabc.eu\/index.php\/wp-json\/wp\/v2\/media?parent=212"}],"curies":[{"name":"wp","href":"https:\/\/api.w.org\/{rel}","templated":true}]}}