{"id":203,"date":"2017-03-14T08:46:14","date_gmt":"2017-03-14T08:46:14","guid":{"rendered":"http:\/\/koolituskeskusabc.eu\/?page_id=203"},"modified":"2017-03-14T08:58:28","modified_gmt":"2017-03-14T08:58:28","slug":"vabatahtliku-paastja-koolitused","status":"publish","type":"page","link":"https:\/\/koolituskeskusabc.eu\/index.php\/vabatahtliku-paastja-koolitused\/","title":{"rendered":"Vabatahtliku p\u00e4\u00e4stja koolitused"},"content":{"rendered":"<p><a href=\"http:\/\/koolituskeskusabc.eu\/index.php\/koolitused\/vabatahtliku-paastja-i-astme-koolitus-maht-16h\/\">Vabatahtliku p\u00e4\u00e4stja I astme koolitus<\/a><\/p>\n<p><a href=\"http:\/\/koolituskeskusabc.eu\/index.php\/vabatahtliku-paastja-ii-astme-koolitus-36h\/\">Vabatahtliku p\u00e4\u00e4stja II astme koolitus<\/a><\/p>\n","protected":false},"excerpt":{"rendered":"<p>Vabatahtliku p\u00e4\u00e4stja I astme koolitus Vabatahtliku p\u00e4\u00e4stja II astme koolitus<\/p>\n","protected":false},"author":1,"featured_media":0,"parent":0,"menu_order":0,"comment_status":"closed","ping_status":"closed","template":"","meta":[],"_links":{"self":[{"href":"https:\/\/koolituskeskusabc.eu\/index.php\/wp-json\/wp\/v2\/pages\/203"}],"collection":[{"href":"https:\/\/koolituskeskusabc.eu\/index.php\/wp-json\/wp\/v2\/pages"}],"about":[{"href":"https:\/\/koolituskeskusabc.eu\/index.php\/wp-json\/wp\/v2\/types\/page"}],"author":[{"embeddable":true,"href":"https:\/\/koolituskeskusabc.eu\/index.php\/wp-json\/wp\/v2\/users\/1"}],"replies":[{"embeddable":true,"href":"https:\/\/koolituskeskusabc.eu\/index.php\/wp-json\/wp\/v2\/comments?post=203"}],"version-history":[{"count":3,"href":"https:\/\/koolituskeskusabc.eu\/index.php\/wp-json\/wp\/v2\/pages\/203\/revisions"}],"predecessor-version":[{"id":214,"href":"https:\/\/koolituskeskusabc.eu\/index.php\/wp-json\/wp\/v2\/pages\/203\/revisions\/214"}],"wp:attachment":[{"href":"https:\/\/koolituskeskusabc.eu\/index.php\/wp-json\/wp\/v2\/media?parent=203"}],"curies":[{"name":"wp","href":"https:\/\/api.w.org\/{rel}","templated":true}]}}